{"id":8,"date":"2023-10-17T02:54:13","date_gmt":"2023-10-17T02:54:13","guid":{"rendered":"https:\/\/www.plooof.com\/?page_id=8"},"modified":"2024-04-12T20:00:29","modified_gmt":"2024-04-12T20:00:29","slug":"les-annonces-des-biens","status":"publish","type":"page","link":"https:\/\/www.plooof.com\/en\/les-annonces-des-biens\/","title":{"rendered":"Les demandes de reservation"},"content":{"rendered":"<div class=\"row\">\n\t<!-- Listings -->\n\t<div class=\"col-lg-12 col-md-12\">\n\t\t<div class=\"dashboard-list-box  margin-top-0\">\n\t\t\t<div class=\"headline-with-filters list-view\">\n\n\n\t\t\t\t<!-- Booking Requests Filters  -->\n\t\t\t\t<div class=\"booking-requests-filter\">\n\t\t\t\t\t\t\t\t\t\t\t<input type=\"hidden\" id=\"dashboard_type\" name=\"dashboard_type\" value=\"owner\">\n\t\t\t\t\t\t<!-- <input type=\"text\" name=\"booking_author\" id=\"dashboard-booking-author-search\"> -->\n\t\t\t\t\t\t<div class=\"sort-by-booking-author\">\n\t\t\t\t\t\t\t<div class=\"sort-by-select\">\n\t\t\t\t\t\t\t\t<select data-placeholder=\"All Users\" class=\"select2-bookings-author\" id=\"booking_author\">\n\t\t\t\t\t\t\t\t\t<option value=\"show_all\">All Users<\/option>\n\t\t\t\t\t\t\t\t\t\t\t\t\t\t\t\t\t<\/select>\n\t\t\t\t\t\t\t<\/div>\n\t\t\t\t\t\t<\/div>\n\t\t\t\t\t\t\t\t\t\t\t\t\t\t\t\t<!-- Sort by -->\n\t\t\t\t\t\t<div class=\"sort-by-status\">\n\t\t\t\t\t\t\t<div class=\"sort-by-select\">\n\t\t\t\t\t\t\t\t<select data-placeholder=\"Default order\" class=\"select2-bookings-status\" id=\"listing_status\">\n\t\t\t\t\t\t\t\t\t<option value=\"approved\">All Statuses<\/option>\n\t\t\t\t\t\t\t\t\t<option value=\"confirmed\">Unpaid<\/option>\n\t\t\t\t\t\t\t\t\t<option value=\"paid\">Paid<\/option>\n\t\t\t\t\t\t\t\t<\/select>\n\t\t\t\t\t\t\t<\/div>\n\t\t\t\t\t\t<\/div>\n\t\t\t\t\t\n\t\t\t\t\t\t\t\t\t\t\t<input type=\"hidden\" id=\"listing_status\" value=\"approved\">\n\t\t\t\t\t\t\t\t\t\t\t\t\t\t\t\t<!-- Sort by -->\n\t\t\t\t\t\t<div class=\"sort-by\">\n\t\t\t\t\t\t\t<div class=\"sort-by-select\">\n\t\t\t\t\t\t\t\t<select data-placeholder=\"Default order\" class=\"select2-bookings\" id=\"listing_id\">\n\t\t\t\t\t\t\t\t\t<option value=\"show_all\">All Listings<\/option>\n\t\t\t\t\t\t\t\t\t\t\t\t\t\t\t\t\t\t\t<option value=\"4442\">CHEZ ORI<\/option>\n\t\t\t\t\t\t\t\t\t\t\t\t\t\t\t\t\t\t\t<option value=\"4388\">Punaauia : Superbe F2 52m\u00b2 + Terrasse 24m\u00b2 Vue Panoramique Mer et Moorea<\/option>\n\t\t\t\t\t\t\t\t\t\t\t\t\t\t\t\t\t\t\t<option value=\"4328\">Fare Auti \u2013 Le Village de Vairao<\/option>\n\t\t\t\t\t\t\t\t\t\t\t\t\t\t\t\t\t\t\t<option value=\"4316\">Fare Marara \u2013 Le Village de Vairao<\/option>\n\t\t\t\t\t\t\t\t\t\t\t\t\t\t\t\t\t\t\t<option value=\"4305\">Fare Manini \u2013 Le Village de Vairao<\/option>\n\t\t\t\t\t\t\t\t\t\t\t\t\t\t\t\t\t\t\t<option value=\"4295\">Fare Vanira \u2013 Le Village Vairao<\/option>\n\t\t\t\t\t\t\t\t\t\t\t\t\t\t\t\t\t\t\t<option value=\"4184\">A louer Papeete Tipaerui, Maison F3 90 m\u00b2 avec pisicne<\/option>\n\t\t\t\t\t\t\t\t\t\t\t\t\t\t\t\t\t\t\t<option value=\"4170\">Villa Miti Vai<\/option>\n\t\t\t\t\t\t\t\t\t\t\t\t\t\t\t\t\t\t\t<option value=\"4116\">Le Fare Bleu Rangiroa<\/option>\n\t\t\t\t\t\t\t\t\t\t\t\t\t\t\t\t\t\t\t<option value=\"4097\">IN\u2019SPIR ECO RETREAT<\/option>\n\t\t\t\t\t\t\t\t\t\t\t\t\t\t\t\t\t\t\t<option value=\"4071\">Muri\u0101vai<\/option>\n\t\t\t\t\t\t\t\t\t\t\t\t\t\t\t\t\t\t\t<option value=\"4065\">Pension Pukue\u2019e<\/option>\n\t\t\t\t\t\t\t\t\t\t\t\t\t\t\t\t\t\t\t<option value=\"4056\">Manihi Miki Lodge<\/option>\n\t\t\t\t\t\t\t\t\t\t\t\t\t\t\t\t\t\t\t<option value=\"4028\">PAPARA SURF RENT TAHITI<\/option>\n\t\t\t\t\t\t\t\t\t\t\t\t\t\t\t\t\t\t\t<option value=\"4010\">Manomano Lodge<\/option>\n\t\t\t\t\t\t\t\t\t\t\t\t\t\t\t\t\t\t\t<option value=\"4006\">Temana Airport Lodge<\/option>\n\t\t\t\t\t\t\t\t\t\t\t\t\t\t\t\t\t\t\t<option value=\"3992\">Pension Hiti Moana Villa<\/option>\n\t\t\t\t\t\t\t\t\t\t\t\t\t\t\t\t\t\t\t<option value=\"3872\">Marina Village Raiatea<\/option>\n\t\t\t\t\t\t\t\t\t\t\t\t\t\t\t\t\t\t\t<option value=\"3860\">Fare Mehiata (plage \u00e0 proximit\u00e9)<\/option>\n\t\t\t\t\t\t\t\t\t\t\t\t\t\t\t\t\t\t\t<option value=\"3842\">\u0100rea Haum\u0101r\u016b<\/option>\n\t\t\t\t\t\t\t\t\t\t\t\t\t\t\t\t\t\t\t<option value=\"3814\">Fare Taina \u2013 Tiare Lodge Mo\u2019orea<\/option>\n\t\t\t\t\t\t\t\t\t\t\t\t\t\t\t\t\t\t\t<option value=\"3802\">Far\u00e9 Tiarei<\/option>\n\t\t\t\t\t\t\t\t\t\t\t\t\t\t\t\t\t\t\t<option value=\"3752\">Fare \u2018Aute \u2013 Tiare Lodge Mo\u2019orea<\/option>\n\t\t\t\t\t\t\t\t\t\t\t\t\t\t\t\t\t\t\t<option value=\"3700\">Les Chalets de Afaahiti<\/option>\n\t\t\t\t\t\t\t\t\t\t\t\t\t\t\t\t\t\t\t<option value=\"3664\">\ud835\udc11\ud835\udc28\ud835\udc32\ud835\udc1a\ud835\udc25 \ud835\udc0a\ud835\udc1a\ud835\udc2f\ud835\udc1a\ud835\udc24\ud835\udc1e \ud835\udc0b\ud835\udc28\ud835\udc1d\ud835\udc20\ud835\udc1e<\/option>\n\t\t\t\t\t\t\t\t\t\t\t\t\t\t\t\t\t\t\t<option value=\"3653\">Te Mao Lodge & R\u00e9sidence<\/option>\n\t\t\t\t\t\t\t\t\t\t\t\t\t\t\t\t\t\t\t<option value=\"3645\">Fare-Arana Moorea<\/option>\n\t\t\t\t\t\t\t\t\t\t\t\t\t\t\t\t\t\t\t<option value=\"3612\">Excursion snorkeling loin de la foule avec Mobydick Diving<\/option>\n\t\t\t\t\t\t\t\t\t\t\t\t\t\t\t\t\t\t\t<option value=\"3597\">La plong\u00e9e sous-marine en petit comit\u00e9 avec Mobydick Diving<\/option>\n\t\t\t\t\t\t\t\t\t\t\t\t\t\t\t\t\t\t\t<option value=\"3587\">Des sorties \u00ab\u00a0baleine\u00a0\u00bb respectueuses au large de Paea et Papara<\/option>\n\t\t\t\t\t\t\t\t\t\t\t\t\t\t\t\t\t\t\t<option value=\"3583\">Bay Lodge Tahiti<\/option>\n\t\t\t\t\t\t\t\t\t\t\t\t\t\t\t\t\t\t\t<option value=\"3515\">Natura OM Teahupoo surf lodge<\/option>\n\t\t\t\t\t\t\t\t\t\t\t\t\t\t\t\t\t\t\t<option value=\"3497\">Fareoa location (chambre chez l\u2019habitant)<\/option>\n\t\t\t\t\t\t\t\t\t\t\t\t\t\t\t\t\t\t\t<option value=\"3486\">Tahiti Bungalow<\/option>\n\t\t\t\t\t\t\t\t\t\t\t\t\t\t\t\t\t\t\t<option value=\"3476\">Motu Only You Bora Bora<\/option>\n\t\t\t\t\t\t\t\t\t\t\t\t\t\t\t\t\t\t\t<option value=\"3466\">Mar\u016b Beach House<\/option>\n\t\t\t\t\t\t\t\t\t\t\t\t\t\t\t\t\t\t\t<option value=\"3457\">Moorea Pool & Lagoon House<\/option>\n\t\t\t\t\t\t\t\t\t\t\t\t\t\t\t\t\t\t\t<option value=\"3434\">Fare Anuanua<\/option>\n\t\t\t\t\t\t\t\t\t\t\t\t\t\t\t\t\t\t\t<option value=\"3431\">Fare Ororeva<\/option>\n\t\t\t\t\t\t\t\t\t\t\t\t\t\t\t\t\t\t\t<option value=\"3420\">HITIARII GUEST HOUSE<\/option>\n\t\t\t\t\t\t\t\t\t\t\t\t\t\t\t\t\t\t\t<option value=\"3374\">Snack \u00d4 Moana<\/option>\n\t\t\t\t\t\t\t\t\t\t\t\t\t\t\t\t\t\t\t<option value=\"3353\">Tahiti \u2013 Teahupoo \u2013 Vaste terrain viabilis\u00e9 bord de mer<\/option>\n\t\t\t\t\t\t\t\t\t\t\t\t\t\t\t\t\t\t\t<option value=\"3306\">Boat Tour<\/option>\n\t\t\t\t\t\t\t\t\t\t\t\t\t\t\t\t\t\t\t<option value=\"3299\">Boat trip & Restaurant sur l\u2019eau<\/option>\n\t\t\t\t\t\t\t\t\t\t\t\t\t\t\t\t\t\t\t<option value=\"3286\">Location de bateau<\/option>\n\t\t\t\t\t\t\t\t\t\t\t\t\t\t\t\t\t\t\t<option value=\"3195\">Moorea Painapo Lodge<\/option>\n\t\t\t\t\t\t\t\t\t\t\t\t\t\t\t\t\t\t\t<option value=\"3083\">Eden Private Island Tahaa<\/option>\n\t\t\t\t\t\t\t\t\t\t\t\t\t\t\t\t\t\t\t<option value=\"3033\">Initiation Apn\u00e9e<\/option>\n\t\t\t\t\t\t\t\t\t\t\t\t\t\t\t\t\t\t\t<option value=\"2984\">Vairao Firi Firi Boat<\/option>\n\t\t\t\t\t\t\t\t\t\t\t\t\t\t\t\t\t\t\t<option value=\"2976\">Haapii Sailing<\/option>\n\t\t\t\t\t\t\t\t\t\t\t\t\t\t\t\t\t\t\t<option value=\"2947\">Inapo Cruise<\/option>\n\t\t\t\t\t\t\t\t\t\t\t\t\t\t\t\t\t\t\t<option value=\"2918\">Mobydick Diving : excursions baleine, snorkeling et plong\u00e9e sous-marine<\/option>\n\t\t\t\t\t\t\t\t\t\t\t\t\t\t\t\t\t\t\t<option value=\"2915\">Enjoy Boat Tours Moorea<\/option>\n\t\t\t\t\t\t\t\t\t\t\t\t\t\t\t\t\t\t\t<option value=\"2909\">Mataeia BNB<\/option>\n\t\t\t\t\t\t\t\t\t\t\t\t\t\t\t\t\t\t\t<option value=\"2905\">La Villa Tautira<\/option>\n\t\t\t\t\t\t\t\t\t\t\t\t\t\t\t\t\t\t\t<option value=\"2893\">Villa Mitirapa<\/option>\n\t\t\t\t\t\t\t\t\t\t\t\t\t\t\t\t\t\t\t<option value=\"2880\">Villa Maui<\/option>\n\t\t\t\t\t\t\t\t\t\t\t\t\t\t\t\t\t\t\t<option value=\"2868\">Vairao Bungalodge Tahiti<\/option>\n\t\t\t\t\t\t\t\t\t\t\t\t\t\t\t\t\t\t\t<option value=\"2852\">Vaipoe City<\/option>\n\t\t\t\t\t\t\t\t\t\t\t\t\t\t\t\t\t\t\t<option value=\"2845\">Moorea Fare Toanui<\/option>\n\t\t\t\t\t\t\t\t\t\t\t\t\t\t\t\t\t\t\t<option value=\"2820\">Lodge Terre Mer<\/option>\n\t\t\t\t\t\t\t\t\t\t\t\t\t\t\t\t\t\t\t<option value=\"2816\">Teraupoo Lodge<\/option>\n\t\t\t\t\t\t\t\t\t\t\t\t\t\t\t\t\t\t\t<option value=\"2810\">Tekoko House<\/option>\n\t\t\t\t\t\t\t\t\t\t\t\t\t\t\t\t\t\t\t<option value=\"2804\">The Secret Spot \u2013 Fenua Aihere Tautira<\/option>\n\t\t\t\t\t\t\t\t\t\t\t\t\t\t\t\t\t\t\t<option value=\"2792\">Rangiroa Bliss<\/option>\n\t\t\t\t\t\t\t\t\t\t\t\t\t\t\t\t\t\t\t<option value=\"2783\">Pension Papahani Maupiti<\/option>\n\t\t\t\t\t\t\t\t\t\t\t\t\t\t\t\t\t\t\t<option value=\"2777\">Pension Makatea<\/option>\n\t\t\t\t\t\t\t\t\t\t\t\t\t\t\t\t\t\t\t<option value=\"2770\">Pension Irivai<\/option>\n\t\t\t\t\t\t\t\t\t\t\t\t\t\t\t\t\t\t\t<option value=\"2753\">Pension Ataha Odile<\/option>\n\t\t\t\t\t\t\t\t\t\t\t\t\t\t\t\t\t\t\t<option value=\"2746\">Pension Alice et Rapha\u00eblle<\/option>\n\t\t\t\t\t\t\t\t\t\t\t\t\t\t\t\t\t\t\t<option value=\"2740\">Pension Vainui<\/option>\n\t\t\t\t\t\t\t\t\t\t\t\t\t\t\t\t\t\t\t<option value=\"2733\">Pension Hibiscus Taha\u2019a<\/option>\n\t\t\t\t\t\t\t\t\t\t\t\t\t\t\t\t\t\t\t<option value=\"2726\">Pater Teura Homestay<\/option>\n\t\t\t\t\t\t\t\t\t\t\t\t\t\t\t\t\t\t\t<option value=\"2712\">Parea Lodge<\/option>\n\t\t\t\t\t\t\t\t\t\t\t\t\t\t\t\t\t\t\t<option value=\"2693\">Omati Lodge Tahiti Guest House<\/option>\n\t\t\t\t\t\t\t\t\t\t\t\t\t\t\t\t\t\t\t<option value=\"2687\">Ohiti Lodge<\/option>\n\t\t\t\t\t\t\t\t\t\t\t\t\t\t\t\t\t\t\t<option value=\"2679\">Motu Nono House<\/option>\n\t\t\t\t\t\t\t\t\t\t\t\t\t\t\t\t\t\t\t<option value=\"2671\">Villa Fara Nui<\/option>\n\t\t\t\t\t\t\t\t\t\t\t\t\t\t\t\t\t\t\t<option value=\"2666\">Villa Fara Iti<\/option>\n\t\t\t\t\t\t\t\t\t\t\t\t\t\t\t\t\t\t\t<option value=\"2661\">Fare Ohiva \u2013 Pointe des P\u00eacheurs<\/option>\n\t\t\t\t\t\t\t\t\t\t\t\t\t\t\t\t\t\t\t<option value=\"2657\">Moorea Beach House<\/option>\n\t\t\t\t\t\t\t\t\t\t\t\t\t\t\t\t\t\t\t<option value=\"2649\">Meri Lodge Huahine<\/option>\n\t\t\t\t\t\t\t\t\t\t\t\t\t\t\t\t\t\t\t<option value=\"2641\">Mataiva Sunrise Lodge<\/option>\n\t\t\t\t\t\t\t\t\t\t\t\t\t\t\t\t\t\t\t<option value=\"2635\">Manava Beach House<\/option>\n\t\t\t\t\t\t\t\t\t\t\t\t\t\t\t\t\t\t\t<option value=\"2615\">Pension Hopaki<\/option>\n\t\t\t\t\t\t\t\t\t\t\t\t\t\t\t\t\t\t\t<option value=\"2599\">Fare Aina by Akaiti Lodge<\/option>\n\t\t\t\t\t\t\t\t\t\t\t\t\t\t\t\t\t\t\t<option value=\"2591\">Kia Ora House<\/option>\n\t\t\t\t\t\t\t\t\t\t\t\t\t\t\t\t\t\t\t<option value=\"2583\">Fare Junette, Mama Iti et Tinihau<\/option>\n\t\t\t\t\t\t\t\t\t\t\t\t\t\t\t\t\t\t\t<option value=\"2576\">Fare Vairao<\/option>\n\t\t\t\t\t\t\t\t\t\t\t\t\t\t\t\t\t\t\t<option value=\"2569\">Fare Turia<\/option>\n\t\t\t\t\t\t\t\t\t\t\t\t\t\t\t\t\t\t\t<option value=\"2561\">FARE TIAIA BEACH<\/option>\n\t\t\t\t\t\t\t\t\t\t\t\t\t\t\t\t\t\t\t<option value=\"2553\">Fare Kirihai<\/option>\n\t\t\t\t\t\t\t\t\t\t\t\t\t\t\t\t\t\t\t<option value=\"2543\">Chez Nono<\/option>\n\t\t\t\t\t\t\t\t\t\t\t\t\t\t\t\t\t\t\t<option value=\"2535\">Moorea Maatea \u2013 Tahatai Lodge<\/option>\n\t\t\t\t\t\t\t\t\t\t\t\t\t\t\t\t\t\t\t<option value=\"2504\">Fare Akaiti Lodge<\/option>\n\t\t\t\t\t\t\t\t\t\t\t\t\t\t\t\t\t\t\t<option value=\"2485\">Fare Rau (acc\u00e8s priv\u00e9 \u00e0 la plage)<\/option>\n\t\t\t\t\t\t\t\t\t\t\t\t\t\t\t\t\t\t\t<option value=\"2462\">Mori Ora \u2013 Combo 2 nuit\u00e9es & Excursion baleines<\/option>\n\t\t\t\t\t\t\t\t\t\t\t\t\t\t\t\t\t\t\t<option value=\"2012\">Vaimareva<\/option>\n\t\t\t\t\t\t\t\t\t\t\t\t\t\t\t\t\t\t\t<option value=\"2003\">Fare Manta<\/option>\n\t\t\t\t\t\t\t\t\t\t\t\t\t\t\t\t\t\t\t<option value=\"1998\">Manta Villa<\/option>\n\t\t\t\t\t\t\t\t\t\t\t\t\t\t\t\t\t\t\t<option value=\"1991\">Octopus Villa<\/option>\n\t\t\t\t\t\t\t\t\t\t\t\t\t\t\t\t\t\t\t<option value=\"1984\">Bora Bora Water World<\/option>\n\t\t\t\t\t\t\t\t\t\t\t\t\t\t\t\t\t\t\t<option value=\"1978\">Herearii AirBnb<\/option>\n\t\t\t\t\t\t\t\t\t\t\t\t\t\t\t\t\t\t\t<option value=\"1971\">Fare Kuuheiura<\/option>\n\t\t\t\t\t\t\t\t\t\t\t\t\t\t\t\t\t\t\t<option value=\"1961\">Villa Matoanui<\/option>\n\t\t\t\t\t\t\t\t\t\t\t\t\t\t\t\t\t\t\t<option value=\"1956\">Tahiti Voile & Lagon<\/option>\n\t\t\t\t\t\t\t\t\t\t\t\t\t\t\t\t\t\t\t<option value=\"1942\">Bora Bora Cruise & Dive<\/option>\n\t\t\t\t\t\t\t\t\t\t\t\t\t\t\t\t\t\t\t<option value=\"1936\">Hotu Mahana<\/option>\n\t\t\t\t\t\t\t\t\t\t\t\t\t\t\t\t\t\t\t<option value=\"1932\">Fare Tekea<\/option>\n\t\t\t\t\t\t\t\t\t\t\t\t\t\t\t\t\t\t\t<option value=\"1919\">R\u00e9sidense Hine<\/option>\n\t\t\t\t\t\t\t\t\t\t\t\t\t\t\t\t\t\t\t<option value=\"1914\">Vaiha Event<\/option>\n\t\t\t\t\t\t\t\t\t\t\t\t\t\t\t\t\t\t\t<option value=\"1908\">To\u2019a Here<\/option>\n\t\t\t\t\t\t\t\t\t\t\t\t\t\t\t\t\t\t\t<option value=\"1895\">Lantana lodge<\/option>\n\t\t\t\t\t\t\t\t\t\t\t\t\t\t\t\t\t\t\t<option value=\"1885\">Inaveiti<\/option>\n\t\t\t\t\t\t\t\t\t\t\t\t\t\t\t\t\t\t\t<option value=\"1879\">Blue Vahine Lodge<\/option>\n\t\t\t\t\t\t\t\t\t\t\t\t\t\t\t\t\t\t\t<option value=\"1872\">Villa Ouma<\/option>\n\t\t\t\t\t\t\t\t\t\t\t\t\t\t\t\t\t\t\t<option value=\"1863\">Papara Zen<\/option>\n\t\t\t\t\t\t\t\t\t\t\t\t\t\t\t\t\t\t\t<option value=\"1857\">Saint James<\/option>\n\t\t\t\t\t\t\t\t\t\t\t\t\t\t\t\t\t\t\t<option value=\"1851\">Tahiti Sea park<\/option>\n\t\t\t\t\t\t\t\t\t\t\t\t\t\t\t\t\t\t\t<option value=\"1829\">Moeli Lagoon Tours<\/option>\n\t\t\t\t\t\t\t\t\t\t\t\t\t\t\t\t\t\t\t<option value=\"1824\">Hava\u2019i and Sea<\/option>\n\t\t\t\t\t\t\t\t\t\t\t\t\t\t\t\t\t\t\t<option value=\"1819\">Huahine Yatch Club<\/option>\n\t\t\t\t\t\t\t\t\t\t\t\t\t\t\t\t\t\t\t<option value=\"1815\">Huahine Nautique Activit\u00e9<\/option>\n\t\t\t\t\t\t\t\t\t\t\t\t\t\t\t\t\t\t\t<option value=\"1809\">Destination Lagon<\/option>\n\t\t\t\t\t\t\t\t\t\t\t\t\t\t\t\t\t\t\t<option value=\"1799\">Tahiti Boat Excursion & surf<\/option>\n\t\t\t\t\t\t\t\t\t\t\t\t\t\t\t\t\t\t\t<option value=\"1793\">Fare Miti<\/option>\n\t\t\t\t\t\t\t\t\t\t\t\t\t\t\t\t\t\t\t<option value=\"1785\">Vini Villa Bora<\/option>\n\t\t\t\t\t\t\t\t\t\t\t\t\t\t\t\t\t\t\t<option value=\"1754\">Pension Raiatea Bellevue<\/option>\n\t\t\t\t\t\t\t\t\t\t\t\t\t\t\t\t\t\t\t<option value=\"1488\">Motu Fara<\/option>\n\t\t\t\t\t\t\t\t\t\t\t\t\t\t\t\t\t\t\t<option value=\"1475\">Teremoana Tours Bora Bora<\/option>\n\t\t\t\t\t\t\t\t\t\t\t\t\t\t\t\t\t\t\t<option value=\"1284\">Mori Ora \u2013 Excursion baleines \u00e0 la voile<\/option>\n\t\t\t\t\t\t\t\t\t\t\t\t\t\t\t\t\t\t\t<option value=\"1277\">O Belv\u00e9d\u00e8re<\/option>\n\t\t\t\t\t\t\t\t\t\t\t\t\t\t\t\t\t\t\t<option value=\"1194\">Pension de la plage \u2013 Tahitian Guesthouse<\/option>\n\t\t\t\t\t\t\t\t\t\t\t\t\t\t\t\t\t\t\t<option value=\"1186\">Pension Henriette<\/option>\n\t\t\t\t\t\t\t\t\t\t\t\t\t\t\t\t\t\t\t<option value=\"1177\">T\u0100NE EXCURSION<\/option>\n\t\t\t\t\t\t\t\t\t\t\t\t\t\t\t\t\t\t\t<option value=\"1168\">Tahiri Valley<\/option>\n\t\t\t\t\t\t\t\t\t\t\t\t\t\t\t\t\t\t\t<option value=\"1161\">Teanavai Camping Site<\/option>\n\t\t\t\t\t\t\t\t\t\t\t\t\t\t\t\t\t\t\t<option value=\"1123\">Tahiti Ocean Adventure<\/option>\n\t\t\t\t\t\t\t\t\t\t\t\t\t\t\t\t\t\t\t<option value=\"1089\">Poke Truck Punaauia<\/option>\n\t\t\t\t\t\t\t\t\t\t\t\t\t\t\t\t\t\t\t<option value=\"1035\">Moorea Ocean Adventures<\/option>\n\t\t\t\t\t\t\t\t\t\t\t\t\t\t\t\t\t\t\t<option value=\"1028\">Maoni Tours- Teahupoo<\/option>\n\t\t\t\t\t\t\t\t\t\t\t\t\t\t\t\t\t\t\t<option value=\"1022\">Ihitai Charter Tahiti<\/option>\n\t\t\t\t\t\t\t\t\t\t\t\t\t\t\t\t\t\t\t<option value=\"1009\">Natura \/ Captain Ju<\/option>\n\t\t\t\t\t\t\t\t\t\t\t\t\t\t\t\t\t\t\t<option value=\"1003\">Tahiti Iti Diving<\/option>\n\t\t\t\t\t\t\t\t\t\t\t\t\t\t\t\t\t\t\t<option value=\"997\">Tahiti Freediving<\/option>\n\t\t\t\t\t\t\t\t\t\t\t\t\t\t\t\t\t\t\t<option value=\"974\">Pension Hibiscus Taha\u2019a<\/option>\n\t\t\t\t\t\t\t\t\t\t\t\t\t\t\t\t\t\t\t<option value=\"927\">Blue Banana<\/option>\n\t\t\t\t\t\t\t\t\t\t\t\t\t\t\t\t\t\t\t<option value=\"913\">Fare Tohora<\/option>\n\t\t\t\t\t\t\t\t\t\t\t\t\t\t\t\t\t<\/select>\n\t\t\t\t\t\t\t<\/div>\n\t\t\t\t\t\t<\/div>\n\t\t\t\t\t\n\n\t\t\t\t\t<!-- Date Range -->\n\t\t\t\t\t<div id=\"booking-date-range-enabler\">\n\t\t\t\t\t\t<span>Pick a Date<\/span>\n\t\t\t\t\t<\/div>\n\n\t\t\t\t\t<div id=\"booking-date-range\" style=\"display: none;\">\n\t\t\t\t\t\t<span><\/span>\n\t\t\t\t\t<\/div>\n\n\n\t\t\t\t<\/div>\n\n\t\t\t\t<!-- Reply to review popup -->\n\n\n\t\t\t\t<h4>Booking Requests <i class=\"fa fa-circle-o-notch fa-spin booking-loading-icon\"><\/i> <\/h4>\n\t\t\t<\/div>\n\n\t\t\t<ul id=\"no-bookings-information\" style=\"display: none\">\n\t\t\t\tWe haven&#039;t found any bookings for that criteria\t\t\t<\/ul>\n\t\t\t\t\t\t\t<ul id=\"no-bookings-information\">\n\t\t\t\t\tYou don&#039;t have any bookings yet\t\t\t\t<\/ul>\n\t\t\t\n\t\t<\/div>\n\t\t<div class=\"pagination-container\">\n\t\t\t\t\t<\/div>\n\t\t<div id=\"small-dialog\" class=\"zoom-anim-dialog mfp-hide\">\n\t\t\t<div class=\"small-dialog-header\">\n\t\t\t\t<h3>Send Message<\/h3>\n\t\t\t<\/div>\n\t\t\t<div class=\"message-reply margin-top-0\">\n\t\t\t\t<form action=\"\" id=\"send-message-from-widget\" data-booking_id=\"\" data-trp-original-action=\"\">\n\t\t\t\t\t<textarea data-recipient=\"\" data-referral=\"\" required cols=\"40\" id=\"contact-message\" name=\"message\" rows=\"3\" placeholder=\"Your message\"><\/textarea>\n\t\t\t\t\t<button class=\"button\">\n\t\t\t\t\t\t<i class=\"fa fa-circle-o-notch fa-spin\" aria-hidden=\"true\"><\/i>Send Message<\/button>\n\t\t\t\t\t<div class=\"notification closeable success margin-top-20\"><\/div>\n\n\t\t\t\t<input type=\"hidden\" name=\"trp-form-language\" value=\"en\"\/><\/form>\n\n\t\t\t<\/div>\n\t\t<\/div>\n\t\t<a style=\"display:none;\" href=\"#small-dialog\" class=\"send-message-to-owner button popup-with-zoom-anim\"><i class=\"sl sl-icon-envelope-open\"><\/i> Send Message<\/a>\n\t<\/div>\n<\/div>","protected":false},"excerpt":{"rendered":"","protected":false},"author":1,"featured_media":0,"parent":0,"menu_order":0,"comment_status":"closed","ping_status":"closed","template":"template-dashboard.php","meta":{"_acf_changed":false,"footnotes":""},"class_list":["post-8","page","type-page","status-publish","hentry"],"acf":[],"yoast_head":"<!-- This site is optimized with the Yoast SEO plugin v24.3 - https:\/\/yoast.com\/wordpress\/plugins\/seo\/ -->\n<title>Les demandes de reservation - Plooof<\/title>\n<meta name=\"robots\" content=\"index, follow, max-snippet:-1, max-image-preview:large, max-video-preview:-1\" \/>\n<link rel=\"canonical\" href=\"https:\/\/www.plooof.com\/en\/les-annonces-des-biens\/\" \/>\n<meta property=\"og:locale\" content=\"en_US\" \/>\n<meta property=\"og:type\" content=\"article\" \/>\n<meta property=\"og:title\" content=\"Les demandes de reservation - Plooof\" \/>\n<meta property=\"og:url\" content=\"https:\/\/www.plooof.com\/en\/les-annonces-des-biens\/\" \/>\n<meta property=\"og:site_name\" content=\"Plooof\" \/>\n<meta property=\"article:modified_time\" content=\"2024-04-12T20:00:29+00:00\" \/>\n<meta name=\"twitter:card\" content=\"summary_large_image\" \/>\n<meta name=\"twitter:label1\" content=\"Est. reading time\" \/>\n\t<meta name=\"twitter:data1\" content=\"1 minute\" \/>\n<script type=\"application\/ld+json\" class=\"yoast-schema-graph\">{\"@context\":\"https:\/\/schema.org\",\"@graph\":[{\"@type\":\"WebPage\",\"@id\":\"https:\/\/www.plooof.com\/les-annonces-des-biens\/\",\"url\":\"https:\/\/www.plooof.com\/les-annonces-des-biens\/\",\"name\":\"Les demandes de reservation - Plooof\",\"isPartOf\":{\"@id\":\"https:\/\/www.plooof.com\/#website\"},\"datePublished\":\"2023-10-17T02:54:13+00:00\",\"dateModified\":\"2024-04-12T20:00:29+00:00\",\"breadcrumb\":{\"@id\":\"https:\/\/www.plooof.com\/les-annonces-des-biens\/#breadcrumb\"},\"inLanguage\":\"en-US\",\"potentialAction\":[{\"@type\":\"ReadAction\",\"target\":[\"https:\/\/www.plooof.com\/les-annonces-des-biens\/\"]}]},{\"@type\":\"BreadcrumbList\",\"@id\":\"https:\/\/www.plooof.com\/les-annonces-des-biens\/#breadcrumb\",\"itemListElement\":[{\"@type\":\"ListItem\",\"position\":1,\"name\":\"Accueil\",\"item\":\"https:\/\/www.plooof.com\/\"},{\"@type\":\"ListItem\",\"position\":2,\"name\":\"Les demandes de reservation\"}]},{\"@type\":\"WebSite\",\"@id\":\"https:\/\/www.plooof.com\/#website\",\"url\":\"https:\/\/www.plooof.com\/\",\"name\":\"Plooof\",\"description\":\"Sharing is Fun\",\"publisher\":{\"@id\":\"https:\/\/www.plooof.com\/#organization\"},\"potentialAction\":[{\"@type\":\"SearchAction\",\"target\":{\"@type\":\"EntryPoint\",\"urlTemplate\":\"https:\/\/www.plooof.com\/?s={search_term_string}\"},\"query-input\":{\"@type\":\"PropertyValueSpecification\",\"valueRequired\":true,\"valueName\":\"search_term_string\"}}],\"inLanguage\":\"en-US\"},{\"@type\":\"Organization\",\"@id\":\"https:\/\/www.plooof.com\/#organization\",\"name\":\"Plooof\",\"url\":\"https:\/\/www.plooof.com\/\",\"logo\":{\"@type\":\"ImageObject\",\"inLanguage\":\"en-US\",\"@id\":\"https:\/\/www.plooof.com\/#\/schema\/logo\/image\/\",\"url\":\"https:\/\/www.plooof.com\/wp-content\/uploads\/2023\/10\/1-e1697529031528.png\",\"contentUrl\":\"https:\/\/www.plooof.com\/wp-content\/uploads\/2023\/10\/1-e1697529031528.png\",\"width\":500,\"height\":150,\"caption\":\"Plooof\"},\"image\":{\"@id\":\"https:\/\/www.plooof.com\/#\/schema\/logo\/image\/\"}}]}<\/script>\n<!-- \/ Yoast SEO plugin. -->","yoast_head_json":{"title":"Les demandes de reservation - Plooof","robots":{"index":"index","follow":"follow","max-snippet":"max-snippet:-1","max-image-preview":"max-image-preview:large","max-video-preview":"max-video-preview:-1"},"canonical":"https:\/\/www.plooof.com\/en\/les-annonces-des-biens\/","og_locale":"en_US","og_type":"article","og_title":"Les demandes de reservation - Plooof","og_url":"https:\/\/www.plooof.com\/en\/les-annonces-des-biens\/","og_site_name":"Plooof","article_modified_time":"2024-04-12T20:00:29+00:00","twitter_card":"summary_large_image","twitter_misc":{"Est. reading time":"1 minute"},"schema":{"@context":"https:\/\/schema.org","@graph":[{"@type":"WebPage","@id":"https:\/\/www.plooof.com\/les-annonces-des-biens\/","url":"https:\/\/www.plooof.com\/les-annonces-des-biens\/","name":"Les demandes de reservation - Plooof","isPartOf":{"@id":"https:\/\/www.plooof.com\/#website"},"datePublished":"2023-10-17T02:54:13+00:00","dateModified":"2024-04-12T20:00:29+00:00","breadcrumb":{"@id":"https:\/\/www.plooof.com\/les-annonces-des-biens\/#breadcrumb"},"inLanguage":"en-US","potentialAction":[{"@type":"ReadAction","target":["https:\/\/www.plooof.com\/les-annonces-des-biens\/"]}]},{"@type":"BreadcrumbList","@id":"https:\/\/www.plooof.com\/les-annonces-des-biens\/#breadcrumb","itemListElement":[{"@type":"ListItem","position":1,"name":"Accueil","item":"https:\/\/www.plooof.com\/"},{"@type":"ListItem","position":2,"name":"Les demandes de reservation"}]},{"@type":"WebSite","@id":"https:\/\/www.plooof.com\/#website","url":"https:\/\/www.plooof.com\/","name":"Plooof","description":"Sharing is Fun","publisher":{"@id":"https:\/\/www.plooof.com\/#organization"},"potentialAction":[{"@type":"SearchAction","target":{"@type":"EntryPoint","urlTemplate":"https:\/\/www.plooof.com\/?s={search_term_string}"},"query-input":{"@type":"PropertyValueSpecification","valueRequired":true,"valueName":"search_term_string"}}],"inLanguage":"en-US"},{"@type":"Organization","@id":"https:\/\/www.plooof.com\/#organization","name":"Plooof","url":"https:\/\/www.plooof.com\/","logo":{"@type":"ImageObject","inLanguage":"en-US","@id":"https:\/\/www.plooof.com\/#\/schema\/logo\/image\/","url":"https:\/\/www.plooof.com\/wp-content\/uploads\/2023\/10\/1-e1697529031528.png","contentUrl":"https:\/\/www.plooof.com\/wp-content\/uploads\/2023\/10\/1-e1697529031528.png","width":500,"height":150,"caption":"Plooof"},"image":{"@id":"https:\/\/www.plooof.com\/#\/schema\/logo\/image\/"}}]}},"_links":{"self":[{"href":"https:\/\/www.plooof.com\/en\/wp-json\/wp\/v2\/pages\/8","targetHints":{"allow":["GET"]}}],"collection":[{"href":"https:\/\/www.plooof.com\/en\/wp-json\/wp\/v2\/pages"}],"about":[{"href":"https:\/\/www.plooof.com\/en\/wp-json\/wp\/v2\/types\/page"}],"author":[{"embeddable":true,"href":"https:\/\/www.plooof.com\/en\/wp-json\/wp\/v2\/users\/1"}],"replies":[{"embeddable":true,"href":"https:\/\/www.plooof.com\/en\/wp-json\/wp\/v2\/comments?post=8"}],"version-history":[{"count":5,"href":"https:\/\/www.plooof.com\/en\/wp-json\/wp\/v2\/pages\/8\/revisions"}],"predecessor-version":[{"id":885,"href":"https:\/\/www.plooof.com\/en\/wp-json\/wp\/v2\/pages\/8\/revisions\/885"}],"wp:attachment":[{"href":"https:\/\/www.plooof.com\/en\/wp-json\/wp\/v2\/media?parent=8"}],"curies":[{"name":"wp","href":"https:\/\/api.w.org\/{rel}","templated":true}]}}