{"id":2395,"date":"2024-07-26T14:45:30","date_gmt":"2024-07-27T00:45:30","guid":{"rendered":"https:\/\/www.plooof.com\/?page_id=2395"},"modified":"2024-07-26T15:09:55","modified_gmt":"2024-07-27T01:09:55","slug":"mentions-legales","status":"publish","type":"page","link":"https:\/\/www.plooof.com\/en\/mentions-legales\/","title":{"rendered":"Mentions l\u00e9gales"},"content":{"rendered":"<p><strong>Mentions L\u00e9gales<\/strong><\/p>\n\n\n\n<p><strong>1. \u00c9diteur du Site<\/strong><\/p>\n\n\n\n<p>Le site internet Plooof est \u00e9dit\u00e9 par Plooof<\/p>\n\n\n\n<p>Nom de l\u2019Entreprise : Plooof<\/p>\n\n\n\n<p>Adresse :\u00a0 R\u00e9sidence Terua \u2013 98\u00a0701 \u2013 Arue<br>Num\u00e9ro Tahiti\u00a0: D83387<br>Num\u00e9ro Tahiti Iti\u00a0: 002<\/p>\n\n\n\n<p>Adresse email :\u00a0 contact@plooof.com<\/p>\n\n\n\n<p>Directeur de la publication :\u00a0 J.P.C Reynal<\/p>\n\n\n\n<p><strong>2. H\u00e9bergement du Site<\/strong><\/p>\n\n\n\n<p>Le site internet Plooof est h\u00e9berg\u00e9 par : <strong>o2switch<\/strong><\/p>\n\n\n\n<p>Nom de l\u2019H\u00e9bergeur : <strong>o2switch<\/strong><\/p>\n\n\n\n<p>Adresse :\u00a0<a href=\"https:\/\/www.google.com\/maps\/place\/\/data=!4m2!3m1!1s0x47f71c4316d14a4f:0x80871e95ce99e229?sa=X&ved=1t:8290&ictx=111\">Chem. des Pardiaux, 63000 Clermont-Ferrand<\/a><\/p>\n\n\n\n<p>Adresse email :\u00a0<a href=\"mailto:support@o2switch.fr\"><strong>support@o2switch.fr<\/strong><\/a><\/p>\n\n\n\n<p><strong>3. Propri\u00e9t\u00e9 Intellectuelle<\/strong><\/p>\n\n\n\n<p>L\u2019ensemble du contenu pr\u00e9sent sur le site Plooof, incluant, de mani\u00e8re non exhaustive, les graphismes, images, textes, vid\u00e9os, animations, sons, logos, gifs et ic\u00f4nes ainsi que leur mise en forme sont la propri\u00e9t\u00e9 exclusive de Plooof, \u00e0 l\u2019exception des marques, logos ou contenus appartenant \u00e0 d\u2019autres soci\u00e9t\u00e9s partenaires ou auteurs.<\/p>\n\n\n\n<p><strong>4. Conditions d\u2019Utilisation<\/strong><\/p>\n\n\n\n<p>L\u2019utilisation du site Plooof implique l\u2019acceptation pleine et enti\u00e8re des conditions g\u00e9n\u00e9rales d\u2019utilisation d\u00e9crites dans nos <strong>CGU<\/strong>. Ces conditions d\u2019utilisation sont susceptibles d\u2019\u00eatre modifi\u00e9es ou compl\u00e9t\u00e9es \u00e0 tout moment.<\/p>\n\n\n\n<p><strong>5. Protection des Donn\u00e9es Personnelles<\/strong><\/p>\n\n\n\n<p>En conformit\u00e9 avec la r\u00e9glementation en vigueur, Plooof s\u2019engage \u00e0 prot\u00e9ger les donn\u00e9es personnelles de ses utilisateurs. Pour plus d\u2019informations, veuillez consulter notre <strong>politique de confidentialit\u00e9<\/strong><strong>.<\/strong><\/p>\n\n\n\n<p><strong>6. Cookies<\/strong><\/p>\n\n\n\n<p>Le site Plooof utilise des cookies pour am\u00e9liorer votre exp\u00e9rience de navigation. En naviguant sur notre site, vous acceptez l\u2019utilisation de ces cookies. Pour plus d\u2019informations, veuillez consulter la <strong>Politique de Cookies<\/strong>.<\/p>\n\n\n\n<p><strong>7. Responsabilit\u00e9<\/strong><\/p>\n\n\n\n<p>Plooof ne pourra \u00eatre tenu responsable des dommages directs et indirects caus\u00e9s au mat\u00e9riel de l\u2019utilisateur, lors de l\u2019acc\u00e8s au site internet Plooof, et r\u00e9sultant soit de l\u2019utilisation d\u2019un mat\u00e9riel ne r\u00e9pondant pas aux sp\u00e9cifications indiqu\u00e9es, soit de l\u2019apparition d\u2019un bug ou d\u2019une incompatibilit\u00e9.<\/p>\n\n\n\n<p><strong>8. Liens Hypertextes<\/strong><\/p>\n\n\n\n<p>Le site Plooof contient des liens hypertextes vers d\u2019autres sites, mis en place avec l\u2019autorisation de Plooof. Cependant, Plooof n\u2019a pas la possibilit\u00e9 de v\u00e9rifier le contenu des sites ainsi visit\u00e9s, et n\u2019assumera en cons\u00e9quence aucune responsabilit\u00e9 de ce fait.<\/p>\n\n\n\n<p><strong>9. Droit Applicable et Attribution de Juridiction<\/strong><\/p>\n\n\n\n<p>Tout litige en relation avec l\u2019utilisation du site Plooof est soumis au droit fran\u00e7ais.<br>Il est fait attribution exclusive de juridiction aux tribunaux comp\u00e9tents de la Polyn\u00e9sie Fran\u00e7aise.<\/p>\n\n\n\n<p><strong>10. Contact<\/strong><\/p>\n\n\n\n<p>Pour toute question relative aux mentions l\u00e9gales, vous pouvez nous contacter \u00e0 l\u2019adresse suivante : contact@plooof.com<\/p>","protected":false},"excerpt":{"rendered":"<p>Mentions L\u00e9gales 1. \u00c9diteur du Site Le site internet Plooof est \u00e9dit\u00e9 par Plooof Nom de l\u2019Entreprise : Plooof Adresse :\u00a0 R\u00e9sidence Terua \u2013 98\u00a0701 \u2013 ArueNum\u00e9ro Tahiti\u00a0: D83387Num\u00e9ro Tahiti Iti\u00a0: 002 Adresse email :\u00a0 contact@plooof.com Directeur de la publication :\u00a0 J.P.C Reynal 2. H\u00e9bergement du Site Le site internet Plooof est h\u00e9berg\u00e9 par : [&hellip;]<\/p>\n","protected":false},"author":1,"featured_media":0,"parent":0,"menu_order":0,"comment_status":"closed","ping_status":"closed","template":"","meta":{"_acf_changed":false,"footnotes":""},"class_list":["post-2395","page","type-page","status-publish","hentry"],"acf":[],"yoast_head":"<!-- This site is optimized with the Yoast SEO plugin v24.3 - https:\/\/yoast.com\/wordpress\/plugins\/seo\/ -->\n<title>Mentions l\u00e9gales - Plooof<\/title>\n<meta name=\"robots\" content=\"index, follow, max-snippet:-1, max-image-preview:large, max-video-preview:-1\" \/>\n<link rel=\"canonical\" href=\"https:\/\/www.plooof.com\/en\/mentions-legales\/\" \/>\n<meta property=\"og:locale\" content=\"en_US\" \/>\n<meta property=\"og:type\" content=\"article\" \/>\n<meta property=\"og:title\" content=\"Mentions l\u00e9gales - Plooof\" \/>\n<meta property=\"og:description\" content=\"Mentions L\u00e9gales 1. \u00c9diteur du Site Le site internet Plooof est \u00e9dit\u00e9 par Plooof Nom de l\u2019Entreprise : Plooof Adresse :\u00a0 R\u00e9sidence Terua \u2013 98\u00a0701 \u2013 ArueNum\u00e9ro Tahiti\u00a0: D83387Num\u00e9ro Tahiti Iti\u00a0: 002 Adresse email :\u00a0 contact@plooof.com Directeur de la publication :\u00a0 J.P.C Reynal 2. H\u00e9bergement du Site Le site internet Plooof est h\u00e9berg\u00e9 par : [&hellip;]\" \/>\n<meta property=\"og:url\" content=\"https:\/\/www.plooof.com\/en\/mentions-legales\/\" \/>\n<meta property=\"og:site_name\" content=\"Plooof\" \/>\n<meta property=\"article:modified_time\" content=\"2024-07-27T01:09:55+00:00\" \/>\n<meta name=\"twitter:card\" content=\"summary_large_image\" \/>\n<meta name=\"twitter:label1\" content=\"Est. reading time\" \/>\n\t<meta name=\"twitter:data1\" content=\"2 minutes\" \/>\n<script type=\"application\/ld+json\" class=\"yoast-schema-graph\">{\"@context\":\"https:\/\/schema.org\",\"@graph\":[{\"@type\":\"WebPage\",\"@id\":\"https:\/\/www.plooof.com\/mentions-legales\/\",\"url\":\"https:\/\/www.plooof.com\/mentions-legales\/\",\"name\":\"Mentions l\u00e9gales - Plooof\",\"isPartOf\":{\"@id\":\"https:\/\/www.plooof.com\/#website\"},\"datePublished\":\"2024-07-27T00:45:30+00:00\",\"dateModified\":\"2024-07-27T01:09:55+00:00\",\"breadcrumb\":{\"@id\":\"https:\/\/www.plooof.com\/mentions-legales\/#breadcrumb\"},\"inLanguage\":\"en-US\",\"potentialAction\":[{\"@type\":\"ReadAction\",\"target\":[\"https:\/\/www.plooof.com\/mentions-legales\/\"]}]},{\"@type\":\"BreadcrumbList\",\"@id\":\"https:\/\/www.plooof.com\/mentions-legales\/#breadcrumb\",\"itemListElement\":[{\"@type\":\"ListItem\",\"position\":1,\"name\":\"Accueil\",\"item\":\"https:\/\/www.plooof.com\/\"},{\"@type\":\"ListItem\",\"position\":2,\"name\":\"Mentions l\u00e9gales\"}]},{\"@type\":\"WebSite\",\"@id\":\"https:\/\/www.plooof.com\/#website\",\"url\":\"https:\/\/www.plooof.com\/\",\"name\":\"Plooof\",\"description\":\"Sharing is Fun\",\"publisher\":{\"@id\":\"https:\/\/www.plooof.com\/#organization\"},\"potentialAction\":[{\"@type\":\"SearchAction\",\"target\":{\"@type\":\"EntryPoint\",\"urlTemplate\":\"https:\/\/www.plooof.com\/?s={search_term_string}\"},\"query-input\":{\"@type\":\"PropertyValueSpecification\",\"valueRequired\":true,\"valueName\":\"search_term_string\"}}],\"inLanguage\":\"en-US\"},{\"@type\":\"Organization\",\"@id\":\"https:\/\/www.plooof.com\/#organization\",\"name\":\"Plooof\",\"url\":\"https:\/\/www.plooof.com\/\",\"logo\":{\"@type\":\"ImageObject\",\"inLanguage\":\"en-US\",\"@id\":\"https:\/\/www.plooof.com\/#\/schema\/logo\/image\/\",\"url\":\"https:\/\/www.plooof.com\/wp-content\/uploads\/2023\/10\/1-e1697529031528.png\",\"contentUrl\":\"https:\/\/www.plooof.com\/wp-content\/uploads\/2023\/10\/1-e1697529031528.png\",\"width\":500,\"height\":150,\"caption\":\"Plooof\"},\"image\":{\"@id\":\"https:\/\/www.plooof.com\/#\/schema\/logo\/image\/\"}}]}<\/script>\n<!-- \/ Yoast SEO plugin. -->","yoast_head_json":{"title":"Mentions l\u00e9gales - Plooof","robots":{"index":"index","follow":"follow","max-snippet":"max-snippet:-1","max-image-preview":"max-image-preview:large","max-video-preview":"max-video-preview:-1"},"canonical":"https:\/\/www.plooof.com\/en\/mentions-legales\/","og_locale":"en_US","og_type":"article","og_title":"Mentions l\u00e9gales - Plooof","og_description":"Mentions L\u00e9gales 1. \u00c9diteur du Site Le site internet Plooof est \u00e9dit\u00e9 par Plooof Nom de l\u2019Entreprise : Plooof Adresse :\u00a0 R\u00e9sidence Terua \u2013 98\u00a0701 \u2013 ArueNum\u00e9ro Tahiti\u00a0: D83387Num\u00e9ro Tahiti Iti\u00a0: 002 Adresse email :\u00a0 contact@plooof.com Directeur de la publication :\u00a0 J.P.C Reynal 2. H\u00e9bergement du Site Le site internet Plooof est h\u00e9berg\u00e9 par : [&hellip;]","og_url":"https:\/\/www.plooof.com\/en\/mentions-legales\/","og_site_name":"Plooof","article_modified_time":"2024-07-27T01:09:55+00:00","twitter_card":"summary_large_image","twitter_misc":{"Est. reading time":"2 minutes"},"schema":{"@context":"https:\/\/schema.org","@graph":[{"@type":"WebPage","@id":"https:\/\/www.plooof.com\/mentions-legales\/","url":"https:\/\/www.plooof.com\/mentions-legales\/","name":"Mentions l\u00e9gales - Plooof","isPartOf":{"@id":"https:\/\/www.plooof.com\/#website"},"datePublished":"2024-07-27T00:45:30+00:00","dateModified":"2024-07-27T01:09:55+00:00","breadcrumb":{"@id":"https:\/\/www.plooof.com\/mentions-legales\/#breadcrumb"},"inLanguage":"en-US","potentialAction":[{"@type":"ReadAction","target":["https:\/\/www.plooof.com\/mentions-legales\/"]}]},{"@type":"BreadcrumbList","@id":"https:\/\/www.plooof.com\/mentions-legales\/#breadcrumb","itemListElement":[{"@type":"ListItem","position":1,"name":"Accueil","item":"https:\/\/www.plooof.com\/"},{"@type":"ListItem","position":2,"name":"Mentions l\u00e9gales"}]},{"@type":"WebSite","@id":"https:\/\/www.plooof.com\/#website","url":"https:\/\/www.plooof.com\/","name":"Plooof","description":"Sharing is Fun","publisher":{"@id":"https:\/\/www.plooof.com\/#organization"},"potentialAction":[{"@type":"SearchAction","target":{"@type":"EntryPoint","urlTemplate":"https:\/\/www.plooof.com\/?s={search_term_string}"},"query-input":{"@type":"PropertyValueSpecification","valueRequired":true,"valueName":"search_term_string"}}],"inLanguage":"en-US"},{"@type":"Organization","@id":"https:\/\/www.plooof.com\/#organization","name":"Plooof","url":"https:\/\/www.plooof.com\/","logo":{"@type":"ImageObject","inLanguage":"en-US","@id":"https:\/\/www.plooof.com\/#\/schema\/logo\/image\/","url":"https:\/\/www.plooof.com\/wp-content\/uploads\/2023\/10\/1-e1697529031528.png","contentUrl":"https:\/\/www.plooof.com\/wp-content\/uploads\/2023\/10\/1-e1697529031528.png","width":500,"height":150,"caption":"Plooof"},"image":{"@id":"https:\/\/www.plooof.com\/#\/schema\/logo\/image\/"}}]}},"_links":{"self":[{"href":"https:\/\/www.plooof.com\/en\/wp-json\/wp\/v2\/pages\/2395","targetHints":{"allow":["GET"]}}],"collection":[{"href":"https:\/\/www.plooof.com\/en\/wp-json\/wp\/v2\/pages"}],"about":[{"href":"https:\/\/www.plooof.com\/en\/wp-json\/wp\/v2\/types\/page"}],"author":[{"embeddable":true,"href":"https:\/\/www.plooof.com\/en\/wp-json\/wp\/v2\/users\/1"}],"replies":[{"embeddable":true,"href":"https:\/\/www.plooof.com\/en\/wp-json\/wp\/v2\/comments?post=2395"}],"version-history":[{"count":2,"href":"https:\/\/www.plooof.com\/en\/wp-json\/wp\/v2\/pages\/2395\/revisions"}],"predecessor-version":[{"id":2403,"href":"https:\/\/www.plooof.com\/en\/wp-json\/wp\/v2\/pages\/2395\/revisions\/2403"}],"wp:attachment":[{"href":"https:\/\/www.plooof.com\/en\/wp-json\/wp\/v2\/media?parent=2395"}],"curies":[{"name":"wp","href":"https:\/\/api.w.org\/{rel}","templated":true}]}}